{"id":16,"date":"2026-02-18T10:27:39","date_gmt":"2026-02-18T10:27:39","guid":{"rendered":"https:\/\/pilatesluxembourg.com\/?page_id=16"},"modified":"2026-03-17T10:33:41","modified_gmt":"2026-03-17T10:33:41","slug":"contact","status":"publish","type":"page","link":"https:\/\/pilatesluxembourg.com\/?page_id=16","title":{"rendered":"Contact"},"content":{"rendered":"\t\t<div data-elementor-type=\"wp-page\" data-elementor-id=\"16\" class=\"elementor elementor-16\">\n\t\t\t\t<div class=\"elementor-element elementor-element-50c84c00 e-flex e-con-boxed e-con e-parent\" data-id=\"50c84c00\" data-element_type=\"container\" data-e-type=\"container\">\n\t\t\t\t\t<div class=\"e-con-inner\">\n\t\t\t\t<div class=\"elementor-element elementor-element-59a2d47e elementor-widget elementor-widget-text-editor\" data-id=\"59a2d47e\" data-element_type=\"widget\" data-e-type=\"widget\" data-widget_type=\"text-editor.default\">\n\t\t\t\t\t\t\t\t\t<p data-start=\"632\" data-end=\"746\">Je vous invite \u00e0 me contacter pour organiser votre accompagnement personnalis\u00e9 ou votre exp\u00e9rience Pilates priv\u00e9e.<\/p>\n<p data-start=\"748\" data-end=\"857\">Chaque demande fait l\u2019objet d\u2019une attention particuli\u00e8re afin de proposer une solution adapt\u00e9e \u00e0 vos besoins.<\/p>\n<p data-start=\"859\" data-end=\"965\"><img decoding=\"async\" class=\"emoji\" role=\"img\" draggable=\"false\" src=\"https:\/\/s.w.org\/images\/core\/emoji\/17.0.2\/svg\/1f4e9.svg\" alt=\"\ud83d\udce9\"> Email : <a href=\"mailto:pilatesluxembourg@hotmail.com\">pilatesluxembourg@hotmail.com<\/a><br data-start=\"883\" data-end=\"886\"><img decoding=\"async\" class=\"emoji\" role=\"img\" draggable=\"false\" src=\"https:\/\/s.w.org\/images\/core\/emoji\/17.0.2\/svg\/1f4de.svg\" alt=\"\ud83d\udcde\"> T\u00e9l\u00e9phone : <a href=\"http:\/\/tel:00352691733182\">+352691733182<\/a><br data-start=\"915\" data-end=\"918\"><img decoding=\"async\" class=\"emoji\" role=\"img\" draggable=\"false\" src=\"https:\/\/s.w.org\/images\/core\/emoji\/17.0.2\/svg\/1f4cd.svg\" alt=\"\ud83d\udccd\"> S\u00e9ances \u00e0 domicile au Luxembourg (<strong class=\"Yjhzub\" data-processed=\"true\">alentours<\/strong>) et s\u00e9ances en ligne<\/p>\n<p data-start=\"967\" data-end=\"1092\">Les disponibilit\u00e9s \u00e9tant limit\u00e9es afin de pr\u00e9server la qualit\u00e9 des accompagnements, il est recommand\u00e9 de r\u00e9server \u00e0 l\u2019avance.<\/p>\t\t\t\t\t\t\t\t<\/div>\n\t\t\t\t\t<\/div>\n\t\t\t\t<\/div>\n\t\t\t\t<\/div>\n\t\t","protected":false},"excerpt":{"rendered":"<p>Je vous invite \u00e0 me contacter pour organiser votre accompagnement personnalis\u00e9 ou votre exp\u00e9rience Pilates priv\u00e9e. Chaque demande fait l\u2019objet d\u2019une attention particuli\u00e8re afin de proposer une solution adapt\u00e9e \u00e0 &hellip; <\/p>\n","protected":false},"author":1,"featured_media":0,"parent":0,"menu_order":0,"comment_status":"closed","ping_status":"closed","template":"","meta":{"footnotes":""},"class_list":["post-16","page","type-page","status-publish","hentry"],"_links":{"self":[{"href":"https:\/\/pilatesluxembourg.com\/index.php?rest_route=\/wp\/v2\/pages\/16","targetHints":{"allow":["GET"]}}],"collection":[{"href":"https:\/\/pilatesluxembourg.com\/index.php?rest_route=\/wp\/v2\/pages"}],"about":[{"href":"https:\/\/pilatesluxembourg.com\/index.php?rest_route=\/wp\/v2\/types\/page"}],"author":[{"embeddable":true,"href":"https:\/\/pilatesluxembourg.com\/index.php?rest_route=\/wp\/v2\/users\/1"}],"replies":[{"embeddable":true,"href":"https:\/\/pilatesluxembourg.com\/index.php?rest_route=%2Fwp%2Fv2%2Fcomments&post=16"}],"version-history":[{"count":16,"href":"https:\/\/pilatesluxembourg.com\/index.php?rest_route=\/wp\/v2\/pages\/16\/revisions"}],"predecessor-version":[{"id":297,"href":"https:\/\/pilatesluxembourg.com\/index.php?rest_route=\/wp\/v2\/pages\/16\/revisions\/297"}],"wp:attachment":[{"href":"https:\/\/pilatesluxembourg.com\/index.php?rest_route=%2Fwp%2Fv2%2Fmedia&parent=16"}],"curies":[{"name":"wp","href":"https:\/\/api.w.org\/{rel}","templated":true}]}}